{"id":37,"date":"2025-02-06T15:25:09","date_gmt":"2025-02-06T15:25:09","guid":{"rendered":"https:\/\/etic-handvest.be\/coordonnees\/"},"modified":"2025-02-06T15:25:09","modified_gmt":"2025-02-06T15:25:09","slug":"coordonnees","status":"publish","type":"page","link":"https:\/\/etic-handvest.be\/ro\/coordonnees\/","title":{"rendered":"Date de contact"},"content":{"rendered":"<p>Ne-ar pl\u0103cea s\u0103 auzim \u00eentreb\u0103rile \u0219i sugestiile dumneavoastr\u0103 despre blogul nostru de mod\u0103 \u0219i \u00eembr\u0103c\u0103minte. Nu ezita\u021bi s\u0103 ne scrie\u021bi sau s\u0103 folosi\u021bi formularul de mai jos pentru a ne contacta.<\/p>\n<h2>Adresa de e-mail<\/h2>\n<p>Pentru orice coresponden\u021b\u0103 electronic\u0103, v\u0103 rug\u0103m s\u0103 ne scrie\u021bi la adresa: <a href=\"mailto:contact@etic-handvest.be\">contact@etic-handvest.be<\/a><\/p>\n<h2>Formular de contact<\/h2>\n<form action=\"\/ro\/envoyer-message\/\" method=\"post\" data-trp-original-action=\"\/envoyer-message\">\n        <label for=\"nom\">Nume:<\/label><br \/>\n        <input type=\"text\" id=\"nom\" name=\"nom\" required><br \/>\n        <label for=\"email\">E-mail:<\/label><br \/>\n        <input type=\"email\" id=\"email\" name=\"email\" required><br \/>\n        <label for=\"message\">Mesaj:<\/label><br \/>\n        <textarea id=\"message\" name=\"message\" rows=\"5\" required><\/textarea><br \/>\n        <input type=\"submit\" value=\"Trimite\"><br \/>\n    <input type=\"hidden\" name=\"trp-form-language\" value=\"ro\"\/><\/form>","protected":false},"excerpt":{"rendered":"<p>Ne-ar pl\u0103cea s\u0103 auzim \u00eentreb\u0103rile \u0219i sugestiile dumneavoastr\u0103 despre blogul nostru de mod\u0103 \u0219i \u00eembr\u0103c\u0103minte. Nu ezita\u021bi s\u0103 ne scrie\u021bi sau s\u0103 folosi\u021bi formularul de mai jos pentru a ne contacta. Adres\u0103 de e-mail Pentru orice coresponden\u021b\u0103 electronic\u0103, v\u0103 rug\u0103m s\u0103 ne scrie\u021bi la: contact@etic-handvest.be Formular de contact Nume: E-mail: Mesaj:<\/p>","protected":false},"author":1,"featured_media":0,"parent":0,"menu_order":0,"comment_status":"closed","ping_status":"closed","template":"","meta":{"_acf_changed":false,"footnotes":""},"class_list":["post-37","page","type-page","status-publish","hentry"],"acf":[],"yoast_head":"<!-- This site is optimized with the Yoast SEO plugin v23.2 - https:\/\/yoast.com\/wordpress\/plugins\/seo\/ -->\n<title>Coordonn\u00e9es - etic-handvest.be<\/title>\n<meta name=\"description\" content=\"Contactez-nous pour toute question ou suggestion concernant notre blog de mode et d&#039;habillement.\" \/>\n<meta name=\"robots\" content=\"index, follow, max-snippet:-1, max-image-preview:large, max-video-preview:-1\" \/>\n<link rel=\"canonical\" href=\"https:\/\/etic-handvest.be\/ro\/coordonnees\/\" \/>\n<meta property=\"og:locale\" content=\"ro_RO\" \/>\n<meta property=\"og:type\" content=\"article\" \/>\n<meta property=\"og:title\" content=\"Coordonn\u00e9es - etic-handvest.be\" \/>\n<meta property=\"og:description\" content=\"Contactez-nous pour toute question ou suggestion concernant notre blog de mode et d&#039;habillement.\" \/>\n<meta property=\"og:url\" content=\"https:\/\/etic-handvest.be\/ro\/coordonnees\/\" \/>\n<meta property=\"og:site_name\" content=\"etic-handvest.be\" \/>\n<meta name=\"twitter:card\" content=\"summary_large_image\" \/>\n<script type=\"application\/ld+json\" class=\"yoast-schema-graph\">{\"@context\":\"https:\/\/schema.org\",\"@graph\":[{\"@type\":\"WebPage\",\"@id\":\"https:\/\/etic-handvest.be\/coordonnees\/\",\"url\":\"https:\/\/etic-handvest.be\/coordonnees\/\",\"name\":\"Coordonn\u00e9es - etic-handvest.be\",\"isPartOf\":{\"@id\":\"https:\/\/etic-handvest.be\/#website\"},\"datePublished\":\"2025-02-06T15:25:09+00:00\",\"dateModified\":\"2025-02-06T15:25:09+00:00\",\"description\":\"Contactez-nous pour toute question ou suggestion concernant notre blog de mode et d'habillement.\",\"breadcrumb\":{\"@id\":\"https:\/\/etic-handvest.be\/coordonnees\/#breadcrumb\"},\"inLanguage\":\"ro-RO\",\"potentialAction\":[{\"@type\":\"ReadAction\",\"target\":[\"https:\/\/etic-handvest.be\/coordonnees\/\"]}]},{\"@type\":\"BreadcrumbList\",\"@id\":\"https:\/\/etic-handvest.be\/coordonnees\/#breadcrumb\",\"itemListElement\":[{\"@type\":\"ListItem\",\"position\":1,\"name\":\"Home\",\"item\":\"https:\/\/etic-handvest.be\/\"},{\"@type\":\"ListItem\",\"position\":2,\"name\":\"Coordonn\u00e9es\"}]},{\"@type\":\"WebSite\",\"@id\":\"https:\/\/etic-handvest.be\/#website\",\"url\":\"https:\/\/etic-handvest.be\/\",\"name\":\"etic-handvest.be\",\"description\":\"Tendance&amp;Mode: Restez \u00e0 la pointe de la mode avec nos recommandations\",\"potentialAction\":[{\"@type\":\"SearchAction\",\"target\":{\"@type\":\"EntryPoint\",\"urlTemplate\":\"https:\/\/etic-handvest.be\/?s={search_term_string}\"},\"query-input\":\"required name=search_term_string\"}],\"inLanguage\":\"ro-RO\"}]}<\/script>\n<!-- \/ Yoast SEO plugin. -->","yoast_head_json":{"title":"Coordonn\u00e9es - etic-handvest.be","description":"Contactez-nous pour toute question ou suggestion concernant notre blog de mode et d'habillement.","robots":{"index":"index","follow":"follow","max-snippet":"max-snippet:-1","max-image-preview":"max-image-preview:large","max-video-preview":"max-video-preview:-1"},"canonical":"https:\/\/etic-handvest.be\/ro\/coordonnees\/","og_locale":"ro_RO","og_type":"article","og_title":"Coordonn\u00e9es - etic-handvest.be","og_description":"Contactez-nous pour toute question ou suggestion concernant notre blog de mode et d'habillement.","og_url":"https:\/\/etic-handvest.be\/ro\/coordonnees\/","og_site_name":"etic-handvest.be","twitter_card":"summary_large_image","schema":{"@context":"https:\/\/schema.org","@graph":[{"@type":"WebPage","@id":"https:\/\/etic-handvest.be\/coordonnees\/","url":"https:\/\/etic-handvest.be\/coordonnees\/","name":"Coordonn\u00e9es - etic-handvest.be","isPartOf":{"@id":"https:\/\/etic-handvest.be\/#website"},"datePublished":"2025-02-06T15:25:09+00:00","dateModified":"2025-02-06T15:25:09+00:00","description":"Contactez-nous pour toute question ou suggestion concernant notre blog de mode et d'habillement.","breadcrumb":{"@id":"https:\/\/etic-handvest.be\/coordonnees\/#breadcrumb"},"inLanguage":"ro-RO","potentialAction":[{"@type":"ReadAction","target":["https:\/\/etic-handvest.be\/coordonnees\/"]}]},{"@type":"BreadcrumbList","@id":"https:\/\/etic-handvest.be\/coordonnees\/#breadcrumb","itemListElement":[{"@type":"ListItem","position":1,"name":"Home","item":"https:\/\/etic-handvest.be\/"},{"@type":"ListItem","position":2,"name":"Coordonn\u00e9es"}]},{"@type":"WebSite","@id":"https:\/\/etic-handvest.be\/#website","url":"https:\/\/etic-handvest.be\/","name":"etic-handvest.be","description":"Tendance&amp;Mode: Restez \u00e0 la pointe de la mode avec nos recommandations","potentialAction":[{"@type":"SearchAction","target":{"@type":"EntryPoint","urlTemplate":"https:\/\/etic-handvest.be\/?s={search_term_string}"},"query-input":"required name=search_term_string"}],"inLanguage":"ro-RO"}]}},"yoast_meta":{"yoast_wpseo_title":"","yoast_wpseo_metadesc":"","yoast_wpseo_canonical":"https:\/\/etic-handvest.be\/ro\/wp-json\/wp\/v2\/pages\/37"},"_links":{"self":[{"href":"https:\/\/etic-handvest.be\/ro\/wp-json\/wp\/v2\/pages\/37","targetHints":{"allow":["GET"]}}],"collection":[{"href":"https:\/\/etic-handvest.be\/ro\/wp-json\/wp\/v2\/pages"}],"about":[{"href":"https:\/\/etic-handvest.be\/ro\/wp-json\/wp\/v2\/types\/page"}],"author":[{"embeddable":true,"href":"https:\/\/etic-handvest.be\/ro\/wp-json\/wp\/v2\/users\/1"}],"replies":[{"embeddable":true,"href":"https:\/\/etic-handvest.be\/ro\/wp-json\/wp\/v2\/comments?post=37"}],"version-history":[{"count":0,"href":"https:\/\/etic-handvest.be\/ro\/wp-json\/wp\/v2\/pages\/37\/revisions"}],"wp:attachment":[{"href":"https:\/\/etic-handvest.be\/ro\/wp-json\/wp\/v2\/media?parent=37"}],"curies":[{"name":"wp","href":"https:\/\/api.w.org\/{rel}","templated":true}]}}